{"id":307,"date":"2022-09-01T10:11:34","date_gmt":"2022-09-01T08:11:34","guid":{"rendered":"https:\/\/www.toitaussi.grandnord.fr\/?page_id=307"},"modified":"2022-09-14T14:19:09","modified_gmt":"2022-09-14T12:19:09","slug":"actualites","status":"publish","type":"page","link":"https:\/\/www.toitaussi.grandnord.fr\/?page_id=307","title":{"rendered":"Actualit\u00e9s"},"content":{"rendered":"\t\t<div data-elementor-type=\"wp-page\" data-elementor-id=\"307\" class=\"elementor elementor-307\">\n\t\t\t\t\t\t\t\t\t<section data-particle_enable=\"false\" data-particle-mobile-disabled=\"false\" class=\"elementor-section elementor-top-section elementor-element elementor-element-381609ae elementor-section-full_width elementor-section-height-default elementor-section-height-default\" data-id=\"381609ae\" data-element_type=\"section\" data-settings=\"{&quot;background_background&quot;:&quot;classic&quot;}\">\n\t\t\t\t\t\t\t<div class=\"elementor-background-overlay\"><\/div>\n\t\t\t\t\t\t\t<div class=\"elementor-container elementor-column-gap-default\">\n\t\t\t\t\t<div class=\"elementor-column elementor-col-50 elementor-top-column elementor-element elementor-element-459b4e8d\" data-id=\"459b4e8d\" data-element_type=\"column\" data-settings=\"{&quot;background_background&quot;:&quot;classic&quot;}\">\n\t\t\t<div class=\"elementor-widget-wrap elementor-element-populated\">\n\t\t\t\t\t\t\t\t<div class=\"elementor-element elementor-element-6f5a9358 e-transform elementor-widget-divider--view-line elementor-widget elementor-widget-divider\" data-id=\"6f5a9358\" data-element_type=\"widget\" data-settings=\"{&quot;_transform_rotateZ_effect&quot;:{&quot;unit&quot;:&quot;px&quot;,&quot;size&quot;:90,&quot;sizes&quot;:[]},&quot;_transform_rotateZ_effect_tablet&quot;:{&quot;unit&quot;:&quot;px&quot;,&quot;size&quot;:&quot;&quot;,&quot;sizes&quot;:[]},&quot;_transform_rotateZ_effect_mobile&quot;:{&quot;unit&quot;:&quot;px&quot;,&quot;size&quot;:&quot;&quot;,&quot;sizes&quot;:[]}}\" data-widget_type=\"divider.default\">\n\t\t\t\t<div class=\"elementor-widget-container\">\n\t\t\t\t\t<div class=\"elementor-divider\">\n\t\t\t<span class=\"elementor-divider-separator\">\n\t\t\t\t\t\t<\/span>\n\t\t<\/div>\n\t\t\t\t<\/div>\n\t\t\t\t<\/div>\n\t\t\t\t<div class=\"elementor-element elementor-element-de037d5 elementor-view-stacked elementor-shape-circle elementor-widget elementor-widget-icon\" data-id=\"de037d5\" data-element_type=\"widget\" data-widget_type=\"icon.default\">\n\t\t\t\t<div class=\"elementor-widget-container\">\n\t\t\t\t\t<div class=\"elementor-icon-wrapper\">\n\t\t\t<div class=\"elementor-icon\">\n\t\t\t<svg aria-hidden=\"true\" class=\"e-font-icon-svg e-fab-linkedin-in\"><use xlink:href=\"#fab-linkedin-in\" \/><\/svg>\t\t\t<\/div>\n\t\t<\/div>\n\t\t\t\t<\/div>\n\t\t\t\t<\/div>\n\t\t\t\t\t<\/div>\n\t\t<\/div>\n\t\t\t\t<div class=\"elementor-column elementor-col-50 elementor-top-column elementor-element elementor-element-76a4123\" data-id=\"76a4123\" data-element_type=\"column\" data-settings=\"{&quot;background_background&quot;:&quot;classic&quot;}\">\n\t\t\t<div class=\"elementor-widget-wrap elementor-element-populated\">\n\t\t\t\t\t<div class=\"elementor-background-overlay\"><\/div>\n\t\t\t\t\t\t\t\t<div class=\"elementor-element elementor-element-2958590b elementor-widget elementor-widget-heading\" data-id=\"2958590b\" data-element_type=\"widget\" data-widget_type=\"heading.default\">\n\t\t\t\t<div class=\"elementor-widget-container\">\n\t\t\t<h2 class=\"elementor-heading-title elementor-size-default\">L'actualit\u00e9 Toit Aussi<\/h2>\t\t<\/div>\n\t\t\t\t<\/div>\n\t\t\t\t\t<\/div>\n\t\t<\/div>\n\t\t\t\t\t\t\t<\/div>\n\t\t<\/section>\n\t\t\t\t<section data-particle_enable=\"false\" data-particle-mobile-disabled=\"false\" class=\"elementor-section elementor-top-section elementor-element elementor-element-a5f9916 elementor-section-boxed elementor-section-height-default elementor-section-height-default\" data-id=\"a5f9916\" data-element_type=\"section\">\n\t\t\t\t\t\t<div class=\"elementor-container elementor-column-gap-default\">\n\t\t\t\t\t<div class=\"elementor-column elementor-col-100 elementor-top-column elementor-element elementor-element-a29c70a\" data-id=\"a29c70a\" data-element_type=\"column\">\n\t\t\t<div class=\"elementor-widget-wrap elementor-element-populated\">\n\t\t\t\t\t\t\t\t<div class=\"elementor-element elementor-element-1f963fd elementor-grid-1 elementor-posts--thumbnail-left elementor-grid-tablet-2 elementor-grid-mobile-1 elementor-widget elementor-widget-posts\" data-id=\"1f963fd\" data-element_type=\"widget\" data-settings=\"{&quot;classic_columns&quot;:&quot;1&quot;,&quot;pagination_type&quot;:&quot;numbers&quot;,&quot;classic_columns_tablet&quot;:&quot;2&quot;,&quot;classic_columns_mobile&quot;:&quot;1&quot;,&quot;classic_row_gap&quot;:{&quot;unit&quot;:&quot;px&quot;,&quot;size&quot;:35,&quot;sizes&quot;:[]},&quot;classic_row_gap_tablet&quot;:{&quot;unit&quot;:&quot;px&quot;,&quot;size&quot;:&quot;&quot;,&quot;sizes&quot;:[]},&quot;classic_row_gap_mobile&quot;:{&quot;unit&quot;:&quot;px&quot;,&quot;size&quot;:&quot;&quot;,&quot;sizes&quot;:[]}}\" data-widget_type=\"posts.classic\">\n\t\t\t\t<div class=\"elementor-widget-container\">\n\t\t\t\t\t<div class=\"elementor-posts-container elementor-posts elementor-posts--skin-classic elementor-grid\">\n\t\t\t\t<article class=\"elementor-post elementor-grid-item post-701 post type-post status-publish format-standard has-post-thumbnail hentry category-actu\">\n\t\t\t\t<a class=\"elementor-post__thumbnail__link\" href=\"https:\/\/www.toitaussi.grandnord.fr\/?p=701\" >\n\t\t\t<div class=\"elementor-post__thumbnail\"><img loading=\"lazy\" decoding=\"async\" width=\"546\" height=\"373\" src=\"https:\/\/www.toitaussi.grandnord.fr\/wp-content\/uploads\/2022\/09\/e3db04_51436e93a9704dd1a4abeb2cb73abfed_mv2.jpg\" class=\"attachment-medium_large size-medium_large\" alt=\"\" \/><\/div>\n\t\t<\/a>\n\t\t\t\t<div class=\"elementor-post__text\">\n\t\t\t\t<h3 class=\"elementor-post__title\">\n\t\t\t<a href=\"https:\/\/www.toitaussi.grandnord.fr\/?p=701\" >\n\t\t\t\tLivraison :<br>Le Clos Harmonie\t\t\t<\/a>\n\t\t<\/h3>\n\t\t\t\t<div class=\"elementor-post__meta-data\">\n\t\t\t\t\t<span class=\"elementor-post-date\">\n\t\t\t1 June 2022\t\t<\/span>\n\t\t\t\t<\/div>\n\t\t\t\t<div class=\"elementor-post__excerpt\">\n\t\t\t<p>Ce mois-ci, dans le cadre de notre op\u00e9ration Le Clos Harmonie, nous avons livr\u00e9 notre programme de 9 maisons individuelles et 10 logements collectifs interm\u00e9diaires. Int\u00e9gralement personnalisables aux niveaux des finitions int\u00e9rieures et ext\u00e9rieures, ces logements offrent&nbsp; aux nouveaux propri\u00e9taires de belles surfaces \u00e0 vivre, des ext\u00e9rieurs agr\u00e9ables (jardins ou terrasses) et des stationnements privatifs (a\u00e9riens ou garages).<\/p>\n\t\t<\/div>\n\t\t\t\t<\/div>\n\t\t\t\t<\/article>\n\t\t\t\t<article class=\"elementor-post elementor-grid-item post-1088 post type-post status-publish format-standard has-post-thumbnail hentry category-actu\">\n\t\t\t\t<a class=\"elementor-post__thumbnail__link\" href=\"https:\/\/www.toitaussi.grandnord.fr\/?p=1088\" >\n\t\t\t<div class=\"elementor-post__thumbnail\"><img loading=\"lazy\" decoding=\"async\" width=\"539\" height=\"465\" src=\"https:\/\/www.toitaussi.grandnord.fr\/wp-content\/uploads\/2022\/09\/DSC_7895.jpg\" class=\"attachment-medium_large size-medium_large\" alt=\"\" \/><\/div>\n\t\t<\/a>\n\t\t\t\t<div class=\"elementor-post__text\">\n\t\t\t\t<h3 class=\"elementor-post__title\">\n\t\t\t<a href=\"https:\/\/www.toitaussi.grandnord.fr\/?p=1088\" >\n\t\t\t\tPose de la 1\u00e8re&nbsp;pierre&nbsp;:<br>C\u00f4t\u00e9 Jardin\t\t\t<\/a>\n\t\t<\/h3>\n\t\t\t\t<div class=\"elementor-post__meta-data\">\n\t\t\t\t\t<span class=\"elementor-post-date\">\n\t\t\t10 December 2019\t\t<\/span>\n\t\t\t\t<\/div>\n\t\t\t\t<div class=\"elementor-post__excerpt\">\n\t\t\t<p>Nous avons pos\u00e9 la 1\u00e8re&nbsp;pierre de notre op\u00e9ration C\u00f4t\u00e9 Jardin \u00e0 Amiens Nord en pr\u00e9sence des acteurs du projet et de nos acqu\u00e9reurs. Il s\u2019agit d\u2019une op\u00e9ration de 35 logements dont 11 maisons individuelles en location accession. Bien d\u2019autres projets sont \u00e0 venir avec toujours le souci constant de la qualit\u00e9, de charges ma\u00eetris\u00e9eset de la satisfaction de nos acc\u00e9dants.<\/p>\n\t\t<\/div>\n\t\t\t\t<\/div>\n\t\t\t\t<\/article>\n\t\t\t\t<article class=\"elementor-post elementor-grid-item post-1097 post type-post status-publish format-standard has-post-thumbnail hentry category-actu\">\n\t\t\t\t<a class=\"elementor-post__thumbnail__link\" href=\"https:\/\/www.toitaussi.grandnord.fr\/?p=1097\" >\n\t\t\t<div class=\"elementor-post__thumbnail\"><img loading=\"lazy\" decoding=\"async\" width=\"571\" height=\"373\" src=\"https:\/\/www.toitaussi.grandnord.fr\/wp-content\/uploads\/2022\/09\/e3db04_5b1f1aaa5bf540f5b25505ce4d0e364b_mv2.jpg\" class=\"attachment-medium_large size-medium_large\" alt=\"\" \/><\/div>\n\t\t<\/a>\n\t\t\t\t<div class=\"elementor-post__text\">\n\t\t\t\t<h3 class=\"elementor-post__title\">\n\t\t\t<a href=\"https:\/\/www.toitaussi.grandnord.fr\/?p=1097\" >\n\t\t\t\tLivraison : Les Terrasses de la Selle\t\t\t<\/a>\n\t\t<\/h3>\n\t\t\t\t<div class=\"elementor-post__meta-data\">\n\t\t\t\t\t<span class=\"elementor-post-date\">\n\t\t\t11 June 2019\t\t<\/span>\n\t\t\t\t<\/div>\n\t\t\t\t<div class=\"elementor-post__excerpt\">\n\t\t\t<p>Cette semaine nous livrons notre op\u00e9rationLes Terrasses de la Selle, programme de 8 appartements PSLA \u00e0 SALOUEL. Situ\u00e9 en berge de Selle, \u00e0 500m du CHU, \u00e0 proximit\u00e9 imm\u00e9diate du centre ville de Salouel, le programme s\u2019int\u00e8gre dans une op\u00e9ration plus large de 57 logements avec une agence Cr\u00e9dit Agricole en pied d\u2019immeuble.<\/p>\n\t\t<\/div>\n\t\t\t\t<\/div>\n\t\t\t\t<\/article>\n\t\t\t\t<article class=\"elementor-post elementor-grid-item post-1107 post type-post status-publish format-standard has-post-thumbnail hentry category-actu\">\n\t\t\t\t<a class=\"elementor-post__thumbnail__link\" href=\"https:\/\/www.toitaussi.grandnord.fr\/?p=1107\" >\n\t\t\t<div class=\"elementor-post__thumbnail\"><img loading=\"lazy\" decoding=\"async\" width=\"539\" height=\"330\" src=\"https:\/\/www.toitaussi.grandnord.fr\/wp-content\/uploads\/2022\/09\/e3db04_817a0f3399ac499c8c6e87f90f4b9cae_mv2.jpg\" class=\"attachment-medium_large size-medium_large\" alt=\"\" \/><\/div>\n\t\t<\/a>\n\t\t\t\t<div class=\"elementor-post__text\">\n\t\t\t\t<h3 class=\"elementor-post__title\">\n\t\t\t<a href=\"https:\/\/www.toitaussi.grandnord.fr\/?p=1107\" >\n\t\t\t\tLivraison : Villa Verde\t\t\t<\/a>\n\t\t<\/h3>\n\t\t\t\t<div class=\"elementor-post__meta-data\">\n\t\t\t\t\t<span class=\"elementor-post-date\">\n\t\t\t22 June 2018\t\t<\/span>\n\t\t\t\t<\/div>\n\t\t\t\t<div class=\"elementor-post__excerpt\">\n\t\t\t<p>Cette semaine nous avons livr\u00e9 Villa Verde, notre 3e op\u00e9ration de 27 logements individuels \u00e0 Renancourt. Brigitte Four\u00e9, Maire d&#8217;Amiens, Alain Gest, Pr\u00e9sident d&#8217;Amiens M\u00e9tropole, Patrick Pigout, Pr\u00e9sident de Toit Aussi ont inaugur\u00e9 le projet et remis les cl\u00e9s \u00e0 certains de nos acc\u00e9dants \u00e0 la propri\u00e9t\u00e9.<\/p>\n\t\t<\/div>\n\t\t\t\t<\/div>\n\t\t\t\t<\/article>\n\t\t\t\t<article class=\"elementor-post elementor-grid-item post-1110 post type-post status-publish format-standard has-post-thumbnail hentry category-actu\">\n\t\t\t\t<a class=\"elementor-post__thumbnail__link\" href=\"https:\/\/www.toitaussi.grandnord.fr\/?p=1110\" >\n\t\t\t<div class=\"elementor-post__thumbnail\"><img loading=\"lazy\" decoding=\"async\" width=\"575\" height=\"373\" src=\"https:\/\/www.toitaussi.grandnord.fr\/wp-content\/uploads\/2022\/09\/Pose-de-la-1ere-pierre.jpg\" class=\"attachment-medium_large size-medium_large\" alt=\"\" \/><\/div>\n\t\t<\/a>\n\t\t\t\t<div class=\"elementor-post__text\">\n\t\t\t\t<h3 class=\"elementor-post__title\">\n\t\t\t<a href=\"https:\/\/www.toitaussi.grandnord.fr\/?p=1110\" >\n\t\t\t\tPose de la 1\u00e8re pierre\u00a0: Les Terrasses de la Selle\t\t\t<\/a>\n\t\t<\/h3>\n\t\t\t\t<div class=\"elementor-post__meta-data\">\n\t\t\t\t\t<span class=\"elementor-post-date\">\n\t\t\t13 November 2017\t\t<\/span>\n\t\t\t\t<\/div>\n\t\t\t\t<div class=\"elementor-post__excerpt\">\n\t\t\t<p>Nous avons pos\u00e9 la 1\u00e8re pierre des Terrasses de la Selle \u00e0 SALOU\u00cbL en pr\u00e9sence des acteurs du projet et de nos acqu\u00e9reurs.Il s&#8217;agit d&#8217;une op\u00e9ration de 57 logements dont 8 en location-accession en berges de Selle et \u00e0 500m de l\u2019H\u00f4pital Sud.Rendez-vous en 2019 pour la remise des cl\u00e9s !<\/p>\n\t\t<\/div>\n\t\t\t\t<\/div>\n\t\t\t\t<\/article>\n\t\t\t\t<\/div>\n\n\n\t\t\n\t\t\t\t<\/div>\n\t\t\t\t<\/div>\n\t\t\t\t\t<\/div>\n\t\t<\/div>\n\t\t\t\t\t\t\t<\/div>\n\t\t<\/section>\n\t\t\t\t\t\t\t<\/div>\n\t\t","protected":false},"excerpt":{"rendered":"<p>L&#8217;actualit\u00e9 Toit Aussi<\/p>\n","protected":false},"author":1,"featured_media":0,"parent":0,"menu_order":0,"comment_status":"closed","ping_status":"closed","template":"","meta":{"footnotes":""},"class_list":["post-307","page","type-page","status-publish","hentry"],"acf":[],"_links":{"self":[{"href":"https:\/\/www.toitaussi.grandnord.fr\/index.php?rest_route=\/wp\/v2\/pages\/307","targetHints":{"allow":["GET"]}}],"collection":[{"href":"https:\/\/www.toitaussi.grandnord.fr\/index.php?rest_route=\/wp\/v2\/pages"}],"about":[{"href":"https:\/\/www.toitaussi.grandnord.fr\/index.php?rest_route=\/wp\/v2\/types\/page"}],"author":[{"embeddable":true,"href":"https:\/\/www.toitaussi.grandnord.fr\/index.php?rest_route=\/wp\/v2\/users\/1"}],"replies":[{"embeddable":true,"href":"https:\/\/www.toitaussi.grandnord.fr\/index.php?rest_route=%2Fwp%2Fv2%2Fcomments&post=307"}],"version-history":[{"count":74,"href":"https:\/\/www.toitaussi.grandnord.fr\/index.php?rest_route=\/wp\/v2\/pages\/307\/revisions"}],"predecessor-version":[{"id":1349,"href":"https:\/\/www.toitaussi.grandnord.fr\/index.php?rest_route=\/wp\/v2\/pages\/307\/revisions\/1349"}],"wp:attachment":[{"href":"https:\/\/www.toitaussi.grandnord.fr\/index.php?rest_route=%2Fwp%2Fv2%2Fmedia&parent=307"}],"curies":[{"name":"wp","href":"https:\/\/api.w.org\/{rel}","templated":true}]}}