{"id":435,"date":"2022-09-01T11:35:25","date_gmt":"2022-09-01T09:35:25","guid":{"rendered":"https:\/\/www.toitaussi.grandnord.fr\/?page_id=435"},"modified":"2022-09-01T11:37:26","modified_gmt":"2022-09-01T09:37:26","slug":"mentions-legales-2","status":"publish","type":"page","link":"https:\/\/www.toitaussi.grandnord.fr\/?page_id=435","title":{"rendered":"Politique de confidentialit\u00e9"},"content":{"rendered":"\t\t<div data-elementor-type=\"wp-page\" data-elementor-id=\"435\" class=\"elementor elementor-435\">\n\t\t\t\t\t\t\t\t\t<section data-particle_enable=\"false\" data-particle-mobile-disabled=\"false\" class=\"elementor-section elementor-top-section elementor-element elementor-element-2aba4159 elementor-section-full_width elementor-section-height-default elementor-section-height-default\" data-id=\"2aba4159\" data-element_type=\"section\" data-settings=\"{&quot;background_background&quot;:&quot;classic&quot;}\">\n\t\t\t\t\t\t\t<div class=\"elementor-background-overlay\"><\/div>\n\t\t\t\t\t\t\t<div class=\"elementor-container elementor-column-gap-default\">\n\t\t\t\t\t<div class=\"elementor-column elementor-col-50 elementor-top-column elementor-element elementor-element-53edd17c\" data-id=\"53edd17c\" data-element_type=\"column\" data-settings=\"{&quot;background_background&quot;:&quot;classic&quot;}\">\n\t\t\t<div class=\"elementor-widget-wrap elementor-element-populated\">\n\t\t\t\t\t\t\t\t<div class=\"elementor-element elementor-element-6e6b8794 e-transform elementor-widget-divider--view-line elementor-widget elementor-widget-divider\" data-id=\"6e6b8794\" data-element_type=\"widget\" data-settings=\"{&quot;_transform_rotateZ_effect&quot;:{&quot;unit&quot;:&quot;px&quot;,&quot;size&quot;:90,&quot;sizes&quot;:[]},&quot;_transform_rotateZ_effect_tablet&quot;:{&quot;unit&quot;:&quot;px&quot;,&quot;size&quot;:&quot;&quot;,&quot;sizes&quot;:[]},&quot;_transform_rotateZ_effect_mobile&quot;:{&quot;unit&quot;:&quot;px&quot;,&quot;size&quot;:&quot;&quot;,&quot;sizes&quot;:[]}}\" data-widget_type=\"divider.default\">\n\t\t\t\t<div class=\"elementor-widget-container\">\n\t\t\t\t\t<div class=\"elementor-divider\">\n\t\t\t<span class=\"elementor-divider-separator\">\n\t\t\t\t\t\t<\/span>\n\t\t<\/div>\n\t\t\t\t<\/div>\n\t\t\t\t<\/div>\n\t\t\t\t<div class=\"elementor-element elementor-element-2e5cb140 elementor-view-stacked elementor-shape-circle elementor-widget elementor-widget-icon\" data-id=\"2e5cb140\" data-element_type=\"widget\" data-widget_type=\"icon.default\">\n\t\t\t\t<div class=\"elementor-widget-container\">\n\t\t\t\t\t<div class=\"elementor-icon-wrapper\">\n\t\t\t<div class=\"elementor-icon\">\n\t\t\t<svg aria-hidden=\"true\" class=\"e-font-icon-svg e-fab-linkedin-in\"><use xlink:href=\"#fab-linkedin-in\" \/><\/svg>\t\t\t<\/div>\n\t\t<\/div>\n\t\t\t\t<\/div>\n\t\t\t\t<\/div>\n\t\t\t\t\t<\/div>\n\t\t<\/div>\n\t\t\t\t<div class=\"elementor-column elementor-col-50 elementor-top-column elementor-element elementor-element-1d3ea490\" data-id=\"1d3ea490\" data-element_type=\"column\" data-settings=\"{&quot;background_background&quot;:&quot;classic&quot;}\">\n\t\t\t<div class=\"elementor-widget-wrap elementor-element-populated\">\n\t\t\t\t\t<div class=\"elementor-background-overlay\"><\/div>\n\t\t\t\t\t\t\t\t<div class=\"elementor-element elementor-element-16356288 elementor-widget elementor-widget-heading\" data-id=\"16356288\" data-element_type=\"widget\" data-widget_type=\"heading.default\">\n\t\t\t\t<div class=\"elementor-widget-container\">\n\t\t\t<h2 class=\"elementor-heading-title elementor-size-default\">Politique de confidentialit\u00e9<\/h2>\t\t<\/div>\n\t\t\t\t<\/div>\n\t\t\t\t\t<\/div>\n\t\t<\/div>\n\t\t\t\t\t\t\t<\/div>\n\t\t<\/section>\n\t\t\t\t<section data-particle_enable=\"false\" data-particle-mobile-disabled=\"false\" class=\"elementor-section elementor-top-section elementor-element elementor-element-562ed01 elementor-section-boxed elementor-section-height-default elementor-section-height-default\" data-id=\"562ed01\" data-element_type=\"section\">\n\t\t\t\t\t\t\t<div class=\"elementor-background-overlay\"><\/div>\n\t\t\t\t\t\t\t<div class=\"elementor-container elementor-column-gap-default\">\n\t\t\t\t\t<div class=\"elementor-column elementor-col-100 elementor-top-column elementor-element elementor-element-dee1af2\" data-id=\"dee1af2\" data-element_type=\"column\">\n\t\t\t<div class=\"elementor-widget-wrap elementor-element-populated\">\n\t\t\t\t\t\t\t\t<div class=\"elementor-element elementor-element-de29de5 elementor-widget elementor-widget-text-editor\" data-id=\"de29de5\" data-element_type=\"widget\" data-widget_type=\"text-editor.default\">\n\t\t\t\t<div class=\"elementor-widget-container\">\n\t\t\t\t\t\t\t<p><strong>Politique de confidentialit\u00e9<\/strong><br \/>Un \u00ab\u00a0cookie\u00a0\u00bb est un fichier de taille limit\u00e9e, g\u00e9n\u00e9ralement constitu\u00e9 de lettres et de chiffres, envoy\u00e9 par le serveur internet au fichier cookie du navigateur situ\u00e9 sur le disque dur de votre ordinateur.<\/p><p>Le pr\u00e9sent site utilise diff\u00e9rents cookies ayant pour finalit\u00e9s d\u2019optimiser le site et ses services.<br \/>Conform\u00e9ment \u00e0 la l\u00e9gislation, les donn\u00e9es de fr\u00e9quentation du site ainsi que les cookies permettant la tra\u00e7abilit\u00e9 des internautes et les adresses IP ne sont pas conserv\u00e9s au-del\u00e0 de 13 mois \u00e0 compter de la premi\u00e8re visite.<br \/>Le site utilise des cookies dits \u00ab n\u00e9cessaires \u00bb qui sont absolument essentiels au bon fonctionnement du site. Cette cat\u00e9gorie de cookies comprend uniquement les cookies qui garantissent les fonctionnalit\u00e9s de base et les fonctionnalit\u00e9s de s\u00e9curit\u00e9 du site. Ces cookies ne stockent aucune donn\u00e9e personnelle et par cons\u00e9quent, ne requi\u00e8rent pas le consentement des internautes.<\/p><p>Conform\u00e9ment aux recommandations de la CNIL, vous pouvez, \u00e0 tout moment, effacer les cookies pr\u00e9sents sur votre ordinateur en passant par les r\u00e9glages de votre navigateur :<\/p><p><strong>Safari 8+<\/strong><br \/>\u2022 Ouvrez le menu Safari et cliquez sur Effacer l\u2019historique.<br \/>\u2022 S\u00e9lectionnez tout l\u2019historique puis cliquez sur Effacer l\u2019historique.<br \/>\u2022 Red\u00e9marrez votre navigateur.<\/p><p><strong>Safari 7<\/strong><br \/>\u2022 Ouvrez le menu Safari et cliquez sur R\u00e9initialiser Safari.<br \/>\u2022 Assurez-vous d\u2019avoir coch\u00e9 la case Supprimer toutes les donn\u00e9es de sites web puis cliquez sur R\u00e9initialiser.<br \/>\u2022 Red\u00e9marrez votre navigateur.<\/p><p><strong>Internet Explorer<\/strong><br \/>\u2022 Cliquez sur le rouage en haut \u00e0 droite de la fen\u00eatre du navigateur, passez la souris sur S\u00e9curit\u00e9 et s\u00e9lectionnez Supprimer l\u2019historique de navigation.<br \/>\u2022 D\u00e9cochez Conserver les donn\u00e9es des sites Web favoris en haut du menu.<br \/>\u2022 Assurez-vous que les cases Fichiers Internet temporaires et Cookies sont coch\u00e9es, puis cliquez sur le bouton Supprimer.<br \/>\u2022 Cliquez sur OK pour fermer le menu, puis fermez et relancez votre navigateur.<\/p><p><strong>Edge<\/strong><br \/>\u2022 Cliquez sur \u00ab \u2026 \u00bb en haut \u00e0 droite de votre navigateur.<br \/>\u2022 Dans Param\u00e8tres, faites d\u00e9filer la page jusqu\u2019\u00e0 trouver Effacer les donn\u00e9es de navigation et cliquez sur Choisir les \u00e9l\u00e9ments \u00e0 effacer.<br \/>\u2022 D\u00e9cochez la case Donn\u00e9es de formulaires et Mots de passe, puis assurez-vous que les cases Fichiers et donn\u00e9es en cache et Cookies sont coch\u00e9es.<br \/>\u2022 Cliquez sur le bouton Supprimer.<br \/>\u2022 Cliquez de nouveau sur \u00ab \u2026 \u00bb pour fermer le menu, puis fermez et relancez votre navigateur.<\/p><p><strong>Google Chrome<\/strong><br \/>\u2022 Cliquez sur le menu en haut \u00e0 droite.<br \/>\u2022 Passez la souris sur Plus d\u2019outils puis sur Effacer les donn\u00e9es de navigation.<br \/>\u2022 Pour Effacer les \u00e9l\u00e9ments : s\u00e9lectionnez tous.<br \/>\u2022 Assurez-vous que les cases Images et fichiers en cache et Cookies et autres donn\u00e9es de site et de plug-in soient coch\u00e9es puis cliquez sur Effacer les donn\u00e9es de navigation.<br \/>\u2022 Red\u00e9marrez votre navigateur.<\/p><p><strong>Pour Firefox<\/strong><br \/>\u2022 S\u00e9lectionnez le menu en haut \u00e0 droite (\u2261) et cliquez sur Historique, Effacer l\u2019historique r\u00e9cent puis cochez la case Cookies.<br \/>\u2022 En face d\u2019Intervalle \u00e0 effacer, s\u00e9lectionnez tout.<br \/>\u2022 Assurez-vous que la case Cache soit coch\u00e9e dans la section D\u00e9tails, puis cliquez sur Effacer Maintenant.<br \/>\u2022 Red\u00e9marrez votre navigateur.<\/p>\t\t\t\t\t\t<\/div>\n\t\t\t\t<\/div>\n\t\t\t\t\t<\/div>\n\t\t<\/div>\n\t\t\t\t\t\t\t<\/div>\n\t\t<\/section>\n\t\t\t\t<section data-particle_enable=\"false\" data-particle-mobile-disabled=\"false\" class=\"elementor-section elementor-top-section elementor-element elementor-element-2f327134 elementor-section-full_width elementor-section-height-default elementor-section-height-default\" data-id=\"2f327134\" data-element_type=\"section\">\n\t\t\t\t\t\t<div class=\"elementor-container elementor-column-gap-default\">\n\t\t\t\t\t<div class=\"elementor-column elementor-col-50 elementor-top-column elementor-element elementor-element-7a2043f\" data-id=\"7a2043f\" data-element_type=\"column\">\n\t\t\t<div class=\"elementor-widget-wrap elementor-element-populated\">\n\t\t\t\t\t\t\t\t<div class=\"elementor-element elementor-element-5675e0d7 elementor-widget elementor-widget-google_maps\" data-id=\"5675e0d7\" data-element_type=\"widget\" data-widget_type=\"google_maps.default\">\n\t\t\t\t<div class=\"elementor-widget-container\">\n\t\t\t\t\t<div class=\"elementor-custom-embed\">\n\t\t\t<iframe frameborder=\"0\" scrolling=\"no\" marginheight=\"0\" marginwidth=\"0\"\n\t\t\t\t\tsrc=\"https:\/\/www.google.com\/maps\/embed\/v1\/place?key=AIzaSyDNvZU43X4etXOoRQ2feAoVTgrmKWP_FNk&#038;q=square%20darlington%20amiens&#038;zoom=15\"\n\t\t\t\t\ttitle=\"square darlington amiens\"\n\t\t\t\t\taria-label=\"square darlington amiens\"\n\t\t\t><\/iframe>\n\t\t<\/div>\n\t\t\t\t<\/div>\n\t\t\t\t<\/div>\n\t\t\t\t\t<\/div>\n\t\t<\/div>\n\t\t\t\t<div class=\"elementor-column elementor-col-50 elementor-top-column elementor-element elementor-element-5d5113f9\" data-id=\"5d5113f9\" data-element_type=\"column\" data-settings=\"{&quot;background_background&quot;:&quot;classic&quot;}\">\n\t\t\t<div class=\"elementor-widget-wrap elementor-element-populated\">\n\t\t\t\t\t<div class=\"elementor-background-overlay\"><\/div>\n\t\t\t\t\t\t\t\t<div class=\"elementor-element elementor-element-70428fd9 elementor-button-align-stretch elementor-widget elementor-widget-form\" data-id=\"70428fd9\" data-element_type=\"widget\" data-settings=\"{&quot;button_width&quot;:&quot;30&quot;,&quot;step_next_label&quot;:&quot;Next&quot;,&quot;step_previous_label&quot;:&quot;Previous&quot;,&quot;step_type&quot;:&quot;number_text&quot;,&quot;step_icon_shape&quot;:&quot;circle&quot;}\" data-widget_type=\"form.default\">\n\t\t\t\t<div class=\"elementor-widget-container\">\n\t\t\t\t\t<form class=\"elementor-form\" method=\"post\" name=\"New Form\">\n\t\t\t<input type=\"hidden\" name=\"post_id\" value=\"435\"\/>\n\t\t\t<input type=\"hidden\" name=\"form_id\" value=\"70428fd9\"\/>\n\t\t\t<input type=\"hidden\" name=\"referer_title\" value=\"\" \/>\n\n\t\t\t\n\t\t\t<div class=\"elementor-form-fields-wrapper elementor-labels-\">\n\t\t\t\t\t\t\t\t<div class=\"elementor-field-type-html elementor-field-group elementor-column elementor-field-group-field_07576d5 elementor-col-100\">\n\t\t\t\t\t<h3>CONTACTEZ-NOUS<\/h3>\t\t\t\t<\/div>\n\t\t\t\t\t\t\t\t<div class=\"elementor-field-type-text elementor-field-group elementor-column elementor-field-group-name elementor-col-100\">\n\t\t\t\t\t\t\t\t\t\t\t\t<label for=\"form-field-name\" class=\"elementor-field-label elementor-screen-only\">\n\t\t\t\t\t\t\t\tName\t\t\t\t\t\t\t<\/label>\n\t\t\t\t\t\t\t\t\t\t\t\t\t\t<input size=\"1\" type=\"text\" name=\"form_fields[name]\" id=\"form-field-name\" class=\"elementor-field elementor-size-sm  elementor-field-textual\" placeholder=\"Name\">\n\t\t\t\t\t\t\t\t\t\t\t<\/div>\n\t\t\t\t\t\t\t\t<div class=\"elementor-field-type-email elementor-field-group elementor-column elementor-field-group-email elementor-col-100 elementor-field-required\">\n\t\t\t\t\t\t\t\t\t\t\t\t<label for=\"form-field-email\" class=\"elementor-field-label elementor-screen-only\">\n\t\t\t\t\t\t\t\tEmail\t\t\t\t\t\t\t<\/label>\n\t\t\t\t\t\t\t\t\t\t\t\t\t\t<input size=\"1\" type=\"email\" name=\"form_fields[email]\" id=\"form-field-email\" class=\"elementor-field elementor-size-sm  elementor-field-textual\" placeholder=\"Email\" required=\"required\" aria-required=\"true\">\n\t\t\t\t\t\t\t\t\t\t\t<\/div>\n\t\t\t\t\t\t\t\t<div class=\"elementor-field-type-textarea elementor-field-group elementor-column elementor-field-group-message elementor-col-100\">\n\t\t\t\t\t\t\t\t\t\t\t\t<label for=\"form-field-message\" class=\"elementor-field-label elementor-screen-only\">\n\t\t\t\t\t\t\t\tMessage\t\t\t\t\t\t\t<\/label>\n\t\t\t\t\t\t<textarea class=\"elementor-field-textual elementor-field  elementor-size-sm\" name=\"form_fields[message]\" id=\"form-field-message\" rows=\"4\" placeholder=\"Message\"><\/textarea>\t\t\t\t<\/div>\n\t\t\t\t\t\t\t\t<div class=\"elementor-field-type-acceptance elementor-field-group elementor-column elementor-field-group-field_a4ef918 elementor-col-100 elementor-field-required\">\n\t\t\t\t\t\t\t\t\t\t\t\t<label for=\"form-field-field_a4ef918\" class=\"elementor-field-label elementor-screen-only\">\n\t\t\t\t\t\t\t\tRGPD\t\t\t\t\t\t\t<\/label>\n\t\t\t\t\t\t\t\t<div class=\"elementor-field-subgroup\">\n\t\t\t<span class=\"elementor-field-option\">\n\t\t\t\t<input type=\"checkbox\" name=\"form_fields[field_a4ef918]\" id=\"form-field-field_a4ef918\" class=\"elementor-field elementor-size-sm  elementor-acceptance-field\" required=\"required\" aria-required=\"true\">\n\t\t\t\t\t\t\t<\/span>\n\t\t<\/div>\n\t\t\t\t\t\t<\/div>\n\t\t\t\t\t\t\t\t<div class=\"elementor-field-group elementor-column elementor-field-type-submit elementor-col-30 e-form__buttons\">\n\t\t\t\t\t<button type=\"submit\" class=\"elementor-button elementor-size-sm\">\n\t\t\t\t\t\t<span >\n\t\t\t\t\t\t\t\t\t\t\t\t\t\t\t<span class=\" elementor-button-icon\">\n\t\t\t\t\t\t\t\t\t\t\t\t\t\t\t\t\t\t\t\t\t\t\t\t\t\t<\/span>\n\t\t\t\t\t\t\t\t\t\t\t\t\t\t\t\t\t\t\t\t\t\t<span class=\"elementor-button-text\">Send<\/span>\n\t\t\t\t\t\t\t\t\t\t\t\t\t<\/span>\n\t\t\t\t\t<\/button>\n\t\t\t\t<\/div>\n\t\t\t<\/div>\n\t\t<\/form>\n\t\t\t\t<\/div>\n\t\t\t\t<\/div>\n\t\t\t\t\t<\/div>\n\t\t<\/div>\n\t\t\t\t\t\t\t<\/div>\n\t\t<\/section>\n\t\t\t\t\t\t\t<\/div>\n\t\t","protected":false},"excerpt":{"rendered":"<p>Politique de confidentialit\u00e9 Politique de confidentialit\u00e9Un \u00ab\u00a0cookie\u00a0\u00bb est un fichier de taille limit\u00e9e, g\u00e9n\u00e9ralement constitu\u00e9 de lettres et de chiffres, envoy\u00e9 par le serveur internet au fichier cookie du navigateur situ\u00e9 sur le disque dur de votre ordinateur. Le pr\u00e9sent site utilise diff\u00e9rents cookies ayant pour finalit\u00e9s d\u2019optimiser le site et ses services.Conform\u00e9ment \u00e0 la [&hellip;]<\/p>\n","protected":false},"author":1,"featured_media":0,"parent":0,"menu_order":0,"comment_status":"closed","ping_status":"closed","template":"","meta":{"footnotes":""},"class_list":["post-435","page","type-page","status-publish","hentry"],"acf":[],"_links":{"self":[{"href":"https:\/\/www.toitaussi.grandnord.fr\/index.php?rest_route=\/wp\/v2\/pages\/435","targetHints":{"allow":["GET"]}}],"collection":[{"href":"https:\/\/www.toitaussi.grandnord.fr\/index.php?rest_route=\/wp\/v2\/pages"}],"about":[{"href":"https:\/\/www.toitaussi.grandnord.fr\/index.php?rest_route=\/wp\/v2\/types\/page"}],"author":[{"embeddable":true,"href":"https:\/\/www.toitaussi.grandnord.fr\/index.php?rest_route=\/wp\/v2\/users\/1"}],"replies":[{"embeddable":true,"href":"https:\/\/www.toitaussi.grandnord.fr\/index.php?rest_route=%2Fwp%2Fv2%2Fcomments&post=435"}],"version-history":[{"count":7,"href":"https:\/\/www.toitaussi.grandnord.fr\/index.php?rest_route=\/wp\/v2\/pages\/435\/revisions"}],"predecessor-version":[{"id":442,"href":"https:\/\/www.toitaussi.grandnord.fr\/index.php?rest_route=\/wp\/v2\/pages\/435\/revisions\/442"}],"wp:attachment":[{"href":"https:\/\/www.toitaussi.grandnord.fr\/index.php?rest_route=%2Fwp%2Fv2%2Fmedia&parent=435"}],"curies":[{"name":"wp","href":"https:\/\/api.w.org\/{rel}","templated":true}]}}