{"id":446,"date":"2022-09-01T11:39:26","date_gmt":"2022-09-01T09:39:26","guid":{"rendered":"https:\/\/www.toitaussi.grandnord.fr\/?page_id=446"},"modified":"2022-09-01T11:41:18","modified_gmt":"2022-09-01T09:41:18","slug":"mentions-legales-3","status":"publish","type":"page","link":"https:\/\/www.toitaussi.grandnord.fr\/?page_id=446","title":{"rendered":"Mentions l\u00e9gales"},"content":{"rendered":"\t\t<div data-elementor-type=\"wp-page\" data-elementor-id=\"446\" class=\"elementor elementor-446\">\n\t\t\t\t\t\t\t\t\t<section data-particle_enable=\"false\" data-particle-mobile-disabled=\"false\" class=\"elementor-section elementor-top-section elementor-element elementor-element-2aba4159 elementor-section-full_width elementor-section-height-default elementor-section-height-default\" data-id=\"2aba4159\" data-element_type=\"section\" data-settings=\"{&quot;background_background&quot;:&quot;classic&quot;}\">\n\t\t\t\t\t\t\t<div class=\"elementor-background-overlay\"><\/div>\n\t\t\t\t\t\t\t<div class=\"elementor-container elementor-column-gap-default\">\n\t\t\t\t\t<div class=\"elementor-column elementor-col-50 elementor-top-column elementor-element elementor-element-53edd17c\" data-id=\"53edd17c\" data-element_type=\"column\" data-settings=\"{&quot;background_background&quot;:&quot;classic&quot;}\">\n\t\t\t<div class=\"elementor-widget-wrap elementor-element-populated\">\n\t\t\t\t\t\t\t\t<div class=\"elementor-element elementor-element-6e6b8794 e-transform elementor-widget-divider--view-line elementor-widget elementor-widget-divider\" data-id=\"6e6b8794\" data-element_type=\"widget\" data-settings=\"{&quot;_transform_rotateZ_effect&quot;:{&quot;unit&quot;:&quot;px&quot;,&quot;size&quot;:90,&quot;sizes&quot;:[]},&quot;_transform_rotateZ_effect_tablet&quot;:{&quot;unit&quot;:&quot;px&quot;,&quot;size&quot;:&quot;&quot;,&quot;sizes&quot;:[]},&quot;_transform_rotateZ_effect_mobile&quot;:{&quot;unit&quot;:&quot;px&quot;,&quot;size&quot;:&quot;&quot;,&quot;sizes&quot;:[]}}\" data-widget_type=\"divider.default\">\n\t\t\t\t<div class=\"elementor-widget-container\">\n\t\t\t\t\t<div class=\"elementor-divider\">\n\t\t\t<span class=\"elementor-divider-separator\">\n\t\t\t\t\t\t<\/span>\n\t\t<\/div>\n\t\t\t\t<\/div>\n\t\t\t\t<\/div>\n\t\t\t\t<div class=\"elementor-element elementor-element-2e5cb140 elementor-view-stacked elementor-shape-circle elementor-widget elementor-widget-icon\" data-id=\"2e5cb140\" data-element_type=\"widget\" data-widget_type=\"icon.default\">\n\t\t\t\t<div class=\"elementor-widget-container\">\n\t\t\t\t\t<div class=\"elementor-icon-wrapper\">\n\t\t\t<div class=\"elementor-icon\">\n\t\t\t<svg aria-hidden=\"true\" class=\"e-font-icon-svg e-fab-linkedin-in\"><use xlink:href=\"#fab-linkedin-in\" \/><\/svg>\t\t\t<\/div>\n\t\t<\/div>\n\t\t\t\t<\/div>\n\t\t\t\t<\/div>\n\t\t\t\t\t<\/div>\n\t\t<\/div>\n\t\t\t\t<div class=\"elementor-column elementor-col-50 elementor-top-column elementor-element elementor-element-1d3ea490\" data-id=\"1d3ea490\" data-element_type=\"column\" data-settings=\"{&quot;background_background&quot;:&quot;classic&quot;}\">\n\t\t\t<div class=\"elementor-widget-wrap elementor-element-populated\">\n\t\t\t\t\t<div class=\"elementor-background-overlay\"><\/div>\n\t\t\t\t\t\t\t\t<div class=\"elementor-element elementor-element-16356288 elementor-widget elementor-widget-heading\" data-id=\"16356288\" data-element_type=\"widget\" data-widget_type=\"heading.default\">\n\t\t\t\t<div class=\"elementor-widget-container\">\n\t\t\t<h2 class=\"elementor-heading-title elementor-size-default\">Conditions g\u00e9n\u00e9rales d'utilisation - CGU<\/h2>\t\t<\/div>\n\t\t\t\t<\/div>\n\t\t\t\t\t<\/div>\n\t\t<\/div>\n\t\t\t\t\t\t\t<\/div>\n\t\t<\/section>\n\t\t\t\t<section data-particle_enable=\"false\" data-particle-mobile-disabled=\"false\" class=\"elementor-section elementor-top-section elementor-element elementor-element-562ed01 elementor-section-boxed elementor-section-height-default elementor-section-height-default\" data-id=\"562ed01\" data-element_type=\"section\">\n\t\t\t\t\t\t\t<div class=\"elementor-background-overlay\"><\/div>\n\t\t\t\t\t\t\t<div class=\"elementor-container elementor-column-gap-default\">\n\t\t\t\t\t<div class=\"elementor-column elementor-col-100 elementor-top-column elementor-element elementor-element-dee1af2\" data-id=\"dee1af2\" data-element_type=\"column\">\n\t\t\t<div class=\"elementor-widget-wrap elementor-element-populated\">\n\t\t\t\t\t\t\t\t<div class=\"elementor-element elementor-element-de29de5 elementor-widget elementor-widget-text-editor\" data-id=\"de29de5\" data-element_type=\"widget\" data-widget_type=\"text-editor.default\">\n\t\t\t\t<div class=\"elementor-widget-container\">\n\t\t\t\t\t\t\t<p><strong>Les pr\u00e9sentes conditions g\u00e9n\u00e9rales d\u2019utilisation ont pour objet de d\u00e9finir les modalit\u00e9s et conditions d\u2019utilisation du site https:\/\/www.toitaussi.fr\/<\/strong><\/p><p><strong>Objectif et qualit\u00e9 des contenus<\/strong><br \/>Ce site a pour objectif de communiquer du contenu informatif sur les produits ou services propos\u00e9s. Le site s\u2019efforce de fournir une information de qualit\u00e9 et v\u00e9rifi\u00e9e. Si vous constatez une erreur typographique ou si une information vous semble inexacte, merci de nous en informer en nous adressant un email.<br \/>Le site est susceptible d\u2019\u00eatre compl\u00e9t\u00e9 ou modifi\u00e9, \u00e0 tout moment, notamment en fonction des \u00e9volutions technologiques.<\/p><p><strong>Acc\u00e8s &amp; Utilisation du site<\/strong><br \/>Tout abus dans l\u2019acc\u00e8s ou l\u2019utilisation du site ou tout autre usage que celui auquel il est destin\u00e9, sont interdits. Il \u00e9galement strictement interdit de mettre en p\u00e9ril l\u2019int\u00e9grit\u00e9, l\u2019utilisation ou les conditions de fonctionnement du serveur ou d\u2019interf\u00e9rer ou de tenter d\u2019interf\u00e9rer avec le bon fonctionnement du site.<br \/>L\u2019acc\u00e8s au site peut \u00eatre suspendu pour des raisons de maintenance ou de mise \u00e0 jour, pour une cause due \u00e0 la survenance d\u2019un cas fortuit ou de force majeure habituellement reconnu par la jurisprudence fran\u00e7aise.<\/p><p><strong>Propri\u00e9t\u00e9 intellectuelle<\/strong><br \/>Le site internet ainsi que son contenu est prot\u00e9g\u00e9 au titre des droits de propri\u00e9t\u00e9 intellectuelle au profit de l\u2019\u00e9diteur du site. Il est interdit de copier, reproduire, extraire, diffuser, tout ou partie, du site ou de ses \u00e9l\u00e9ments, sur quelque support que ce soit sans l\u2019accord \u00e9crit et pr\u00e9alable de l\u2019\u00e9diteur du site. Le non-respect de ces droits peut engager les responsabilit\u00e9s civile et p\u00e9nale du contrevenant.<\/p><p><strong>Cr\u00e9dit photographies<\/strong><br \/>Toutes les photographies, images, illustrations et vid\u00e9os du site sont la propri\u00e9t\u00e9 pleine et enti\u00e8re de l\u2019\u00e9diteur du site.<\/p><p><strong>Donn\u00e9es personnelles<\/strong><br \/>L\u2019\u00e9diteur du site s\u2019engage \u00e0 ce que la collecte et le traitement des donn\u00e9es \u00e0 caract\u00e8re personnel, effectu\u00e9s \u00e0 partir du pr\u00e9sent site soient conformes au RGPD et \u00e0 la loi Informatique et Libert\u00e9s.<\/p><p><strong>Pour l\u2019utilisateur qui remplit le formulaire de contact<\/strong><br \/>Nous vous informons que les donn\u00e9es recueillies sur ce formulaire font l\u2019objet d\u2019un traitement informatique, par l\u2019\u00e9diteur du site destin\u00e9 \u00e0 la Gestion des demandes internautes, la Prospection et l\u2019adressage des informations. La base l\u00e9gale de ce traitement est l\u2019int\u00e9r\u00eat l\u00e9gitime de l\u2019\u00e9diteur du site.<br \/>Les donn\u00e9es trait\u00e9es sont le nom, l\u2019email, le t\u00e9l\u00e9phone, le sujet et le message. Elles sont issues de l\u2019enregistrement, par la personne souhaitant poser une question ou autre, des diff\u00e9rentes informations remplies sur le formulaire de contact.<br \/>Conform\u00e9ment \u00e0 la l\u00e9gislation sur la protection des donn\u00e9es \u00e0 caract\u00e8re personnel, vous b\u00e9n\u00e9ficiez d\u2019un droit d\u2019acc\u00e8s, de rectification, de suppression, de portabilit\u00e9 aux informations qui vous concernent, que vous pouvez exercer en nous adressant un e-mail \u00e0 l\u2019adresse commercial@toitaussi.com.<\/p><p>Vous pouvez consulter le site cnil.fr pour plus d\u2019informations sur vos droits.<\/p><p>Vous pouvez \u00e9galement, pour des motifs l\u00e9gitimes, vous opposer au traitement des donn\u00e9es vous concernant. Si vous estimez, apr\u00e8s nous avoir contact\u00e9s, que vos droits \u00ab Informatique et Libert\u00e9s \u00bb, ne sont pas respect\u00e9s, vous pouvez introduire une r\u00e9clamation aupr\u00e8s de la CNIL.<\/p><p><strong>Connexion et s\u00e9curit\u00e9<\/strong><br \/>L\u2019acc\u00e8s et l\u2019utilisation du site font appel au standard de s\u00e9curit\u00e9 via l\u2019utilisation d\u2019un pare-feu et d\u2019un anti-virus, permettant d\u2019assurer l\u2019authentification, la confidentialit\u00e9 et l\u2019int\u00e9grit\u00e9 des donn\u00e9es \u00e9chang\u00e9es de bout en bout, entre le poste de l\u2019internaute et notre site.<br \/>Les informations \u00e9chang\u00e9es \u00e0 l\u2019occasion d\u2019une session sur les pages du site sont s\u00e9curis\u00e9es par un protocole HTTPS.<\/p><p><strong>Les liens hypertextes<\/strong><br \/>Il est interdit de mettre en place un lien hypertexte vers le pr\u00e9sent site sans l\u2019accord \u00e9crit et pr\u00e9alable de l\u2019\u00e9diteur du site. En aucun cas, ce dernier ne peut \u00eatre tenu pour responsable du contenu des sites qui font l\u2019objet d\u2019un lien hypertexte \u00e0 partir du pr\u00e9sent site.<\/p><p><strong>Droit applicable &amp; Juridiction comp\u00e9tente<\/strong><br \/>Le pr\u00e9sent site est r\u00e9gi par le droit fran\u00e7ais et rel\u00e8ve de la comp\u00e9tence exclusive des tribunaux du lieu du si\u00e8ge social pour une personne morale ou du domicile pour une personne physique, de l\u2019\u00e9diteur du site.<\/p>\t\t\t\t\t\t<\/div>\n\t\t\t\t<\/div>\n\t\t\t\t\t<\/div>\n\t\t<\/div>\n\t\t\t\t\t\t\t<\/div>\n\t\t<\/section>\n\t\t\t\t<section data-particle_enable=\"false\" data-particle-mobile-disabled=\"false\" class=\"elementor-section elementor-top-section elementor-element elementor-element-2f327134 elementor-section-full_width elementor-section-height-default elementor-section-height-default\" data-id=\"2f327134\" data-element_type=\"section\">\n\t\t\t\t\t\t<div class=\"elementor-container elementor-column-gap-default\">\n\t\t\t\t\t<div class=\"elementor-column elementor-col-50 elementor-top-column elementor-element elementor-element-7a2043f\" data-id=\"7a2043f\" data-element_type=\"column\">\n\t\t\t<div class=\"elementor-widget-wrap elementor-element-populated\">\n\t\t\t\t\t\t\t\t<div class=\"elementor-element elementor-element-5675e0d7 elementor-widget elementor-widget-google_maps\" data-id=\"5675e0d7\" data-element_type=\"widget\" data-widget_type=\"google_maps.default\">\n\t\t\t\t<div class=\"elementor-widget-container\">\n\t\t\t\t\t<div class=\"elementor-custom-embed\">\n\t\t\t<iframe frameborder=\"0\" scrolling=\"no\" marginheight=\"0\" marginwidth=\"0\"\n\t\t\t\t\tsrc=\"https:\/\/www.google.com\/maps\/embed\/v1\/place?key=AIzaSyDNvZU43X4etXOoRQ2feAoVTgrmKWP_FNk&#038;q=square%20darlington%20amiens&#038;zoom=15\"\n\t\t\t\t\ttitle=\"square darlington amiens\"\n\t\t\t\t\taria-label=\"square darlington amiens\"\n\t\t\t><\/iframe>\n\t\t<\/div>\n\t\t\t\t<\/div>\n\t\t\t\t<\/div>\n\t\t\t\t\t<\/div>\n\t\t<\/div>\n\t\t\t\t<div class=\"elementor-column elementor-col-50 elementor-top-column elementor-element elementor-element-5d5113f9\" data-id=\"5d5113f9\" data-element_type=\"column\" data-settings=\"{&quot;background_background&quot;:&quot;classic&quot;}\">\n\t\t\t<div class=\"elementor-widget-wrap elementor-element-populated\">\n\t\t\t\t\t<div class=\"elementor-background-overlay\"><\/div>\n\t\t\t\t\t\t\t\t<div class=\"elementor-element elementor-element-70428fd9 elementor-button-align-stretch elementor-widget elementor-widget-form\" data-id=\"70428fd9\" data-element_type=\"widget\" data-settings=\"{&quot;button_width&quot;:&quot;30&quot;,&quot;step_next_label&quot;:&quot;Next&quot;,&quot;step_previous_label&quot;:&quot;Previous&quot;,&quot;step_type&quot;:&quot;number_text&quot;,&quot;step_icon_shape&quot;:&quot;circle&quot;}\" data-widget_type=\"form.default\">\n\t\t\t\t<div class=\"elementor-widget-container\">\n\t\t\t\t\t<form class=\"elementor-form\" method=\"post\" name=\"New Form\">\n\t\t\t<input type=\"hidden\" name=\"post_id\" value=\"446\"\/>\n\t\t\t<input type=\"hidden\" name=\"form_id\" value=\"70428fd9\"\/>\n\t\t\t<input type=\"hidden\" name=\"referer_title\" value=\"\" \/>\n\n\t\t\t\n\t\t\t<div class=\"elementor-form-fields-wrapper elementor-labels-\">\n\t\t\t\t\t\t\t\t<div class=\"elementor-field-type-html elementor-field-group elementor-column elementor-field-group-field_07576d5 elementor-col-100\">\n\t\t\t\t\t<h3>CONTACTEZ-NOUS<\/h3>\t\t\t\t<\/div>\n\t\t\t\t\t\t\t\t<div class=\"elementor-field-type-text elementor-field-group elementor-column elementor-field-group-name elementor-col-100\">\n\t\t\t\t\t\t\t\t\t\t\t\t<label for=\"form-field-name\" class=\"elementor-field-label elementor-screen-only\">\n\t\t\t\t\t\t\t\tName\t\t\t\t\t\t\t<\/label>\n\t\t\t\t\t\t\t\t\t\t\t\t\t\t<input size=\"1\" type=\"text\" name=\"form_fields[name]\" id=\"form-field-name\" class=\"elementor-field elementor-size-sm  elementor-field-textual\" placeholder=\"Name\">\n\t\t\t\t\t\t\t\t\t\t\t<\/div>\n\t\t\t\t\t\t\t\t<div class=\"elementor-field-type-email elementor-field-group elementor-column elementor-field-group-email elementor-col-100 elementor-field-required\">\n\t\t\t\t\t\t\t\t\t\t\t\t<label for=\"form-field-email\" class=\"elementor-field-label elementor-screen-only\">\n\t\t\t\t\t\t\t\tEmail\t\t\t\t\t\t\t<\/label>\n\t\t\t\t\t\t\t\t\t\t\t\t\t\t<input size=\"1\" type=\"email\" name=\"form_fields[email]\" id=\"form-field-email\" class=\"elementor-field elementor-size-sm  elementor-field-textual\" placeholder=\"Email\" required=\"required\" aria-required=\"true\">\n\t\t\t\t\t\t\t\t\t\t\t<\/div>\n\t\t\t\t\t\t\t\t<div class=\"elementor-field-type-textarea elementor-field-group elementor-column elementor-field-group-message elementor-col-100\">\n\t\t\t\t\t\t\t\t\t\t\t\t<label for=\"form-field-message\" class=\"elementor-field-label elementor-screen-only\">\n\t\t\t\t\t\t\t\tMessage\t\t\t\t\t\t\t<\/label>\n\t\t\t\t\t\t<textarea class=\"elementor-field-textual elementor-field  elementor-size-sm\" name=\"form_fields[message]\" id=\"form-field-message\" rows=\"4\" placeholder=\"Message\"><\/textarea>\t\t\t\t<\/div>\n\t\t\t\t\t\t\t\t<div class=\"elementor-field-type-acceptance elementor-field-group elementor-column elementor-field-group-field_a4ef918 elementor-col-100 elementor-field-required\">\n\t\t\t\t\t\t\t\t\t\t\t\t<label for=\"form-field-field_a4ef918\" class=\"elementor-field-label elementor-screen-only\">\n\t\t\t\t\t\t\t\tRGPD\t\t\t\t\t\t\t<\/label>\n\t\t\t\t\t\t\t\t<div class=\"elementor-field-subgroup\">\n\t\t\t<span class=\"elementor-field-option\">\n\t\t\t\t<input type=\"checkbox\" name=\"form_fields[field_a4ef918]\" id=\"form-field-field_a4ef918\" class=\"elementor-field elementor-size-sm  elementor-acceptance-field\" required=\"required\" aria-required=\"true\">\n\t\t\t\t\t\t\t<\/span>\n\t\t<\/div>\n\t\t\t\t\t\t<\/div>\n\t\t\t\t\t\t\t\t<div class=\"elementor-field-group elementor-column elementor-field-type-submit elementor-col-30 e-form__buttons\">\n\t\t\t\t\t<button type=\"submit\" class=\"elementor-button elementor-size-sm\">\n\t\t\t\t\t\t<span >\n\t\t\t\t\t\t\t\t\t\t\t\t\t\t\t<span class=\" elementor-button-icon\">\n\t\t\t\t\t\t\t\t\t\t\t\t\t\t\t\t\t\t\t\t\t\t\t\t\t\t<\/span>\n\t\t\t\t\t\t\t\t\t\t\t\t\t\t\t\t\t\t\t\t\t\t<span class=\"elementor-button-text\">Send<\/span>\n\t\t\t\t\t\t\t\t\t\t\t\t\t<\/span>\n\t\t\t\t\t<\/button>\n\t\t\t\t<\/div>\n\t\t\t<\/div>\n\t\t<\/form>\n\t\t\t\t<\/div>\n\t\t\t\t<\/div>\n\t\t\t\t\t<\/div>\n\t\t<\/div>\n\t\t\t\t\t\t\t<\/div>\n\t\t<\/section>\n\t\t\t\t\t\t\t<\/div>\n\t\t","protected":false},"excerpt":{"rendered":"<p>Conditions g\u00e9n\u00e9rales d&#8217;utilisation &#8211; CGU Les pr\u00e9sentes conditions g\u00e9n\u00e9rales d\u2019utilisation ont pour objet de d\u00e9finir les modalit\u00e9s et conditions d\u2019utilisation du site https:\/\/www.toitaussi.fr\/ Objectif et qualit\u00e9 des contenusCe site a pour objectif de communiquer du contenu informatif sur les produits ou services propos\u00e9s. Le site s\u2019efforce de fournir une information de qualit\u00e9 et v\u00e9rifi\u00e9e. Si [&hellip;]<\/p>\n","protected":false},"author":1,"featured_media":0,"parent":0,"menu_order":0,"comment_status":"closed","ping_status":"closed","template":"","meta":{"footnotes":""},"class_list":["post-446","page","type-page","status-publish","hentry"],"acf":[],"_links":{"self":[{"href":"https:\/\/www.toitaussi.grandnord.fr\/index.php?rest_route=\/wp\/v2\/pages\/446","targetHints":{"allow":["GET"]}}],"collection":[{"href":"https:\/\/www.toitaussi.grandnord.fr\/index.php?rest_route=\/wp\/v2\/pages"}],"about":[{"href":"https:\/\/www.toitaussi.grandnord.fr\/index.php?rest_route=\/wp\/v2\/types\/page"}],"author":[{"embeddable":true,"href":"https:\/\/www.toitaussi.grandnord.fr\/index.php?rest_route=\/wp\/v2\/users\/1"}],"replies":[{"embeddable":true,"href":"https:\/\/www.toitaussi.grandnord.fr\/index.php?rest_route=%2Fwp%2Fv2%2Fcomments&post=446"}],"version-history":[{"count":3,"href":"https:\/\/www.toitaussi.grandnord.fr\/index.php?rest_route=\/wp\/v2\/pages\/446\/revisions"}],"predecessor-version":[{"id":449,"href":"https:\/\/www.toitaussi.grandnord.fr\/index.php?rest_route=\/wp\/v2\/pages\/446\/revisions\/449"}],"wp:attachment":[{"href":"https:\/\/www.toitaussi.grandnord.fr\/index.php?rest_route=%2Fwp%2Fv2%2Fmedia&parent=446"}],"curies":[{"name":"wp","href":"https:\/\/api.w.org\/{rel}","templated":true}]}}